{"id":42,"date":"2020-10-24T10:16:12","date_gmt":"2020-10-24T08:16:12","guid":{"rendered":"https:\/\/www.elektro-saalfeld.de\/?page_id=42"},"modified":"2025-09-08T15:27:40","modified_gmt":"2025-09-08T13:27:40","slug":"impressum","status":"publish","type":"page","link":"https:\/\/www.elektro-saalfeld.de\/?page_id=42","title":{"rendered":"Impressum"},"content":{"rendered":"\n<p><strong>Angaben gem\u00e4\u00df \u00a7 5 TMG:<\/strong><br>Puchert &amp; Streitberger Elektroservice GmbH<br>Wetzelstein 1b<br>07318 Saalfeld<br><br><strong>Vertreten durch:<\/strong><br>Herr Matthias Puchert<br>Herr Peter Streitberger<br><br><strong>Kontakt:<\/strong><br>Telefon: 03671 54640<br>Fax: 03671 546429<br>Email: info@elektro-saalfeld.de&nbsp;&nbsp; &nbsp;<br><br><strong>Eintragung im Handelsregister:<\/strong><br>Registergericht:Amtsgericht Jena<br>Registernummer: HRB 205054<br><br><strong>Umsatzsteuer-Identifikationsnummer gem\u00e4\u00df \u00a727 a Umsatzsteuergesetz:<\/strong><br>DE 171 075 998<br><br><strong>Aufsichtsbeh\u00f6rde:<\/strong><br>Landratsamt Saalfeld<br><br><strong>Verantwortlich f\u00fcr den Inhalt nach \u00a7 55 Abs. 2 RStV:<\/strong><br>Kathrin Wunder<br>Puchert &amp; Streitberger Elektroservice GmbH<br>Wetzelstein 1b<br>07318 Saalfeld<br><\/p>\n\n\n\n<p><br><strong>Haftungsausschluss<\/strong><\/p>\n\n\n\n<p><br>Haftung f\u00fcr Inhalte:<br><br>Die Inhalte unserer Seiten wurden mit gr\u00f6\u00dfter Sorgfalt erstellt. F\u00fcr die Richtigkeit, Vollst\u00e4ndigkeit und Aktualit\u00e4t der Inhalte k\u00f6nnen wir jedoch keine Gew\u00e4hr \u00fcbernehmen. Als Diensteanbieter sind wir gem\u00e4\u00df \u00a7 7 Abs.1 TMG f\u00fcr eigene Inhalte auf diesen Seiten nach den allgemeinen Gesetzen verantwortlich. Nach \u00a7\u00a7 8 bis 10 TMG sind wir als Diensteanbieter jedoch nicht verpflichtet, \u00fcbermittelte oder gespeicherte fremde Informationen zu \u00fcberwachen oder nach Umst\u00e4nden zu forschen, die auf eine rechtswidrige T\u00e4tigkeit hinweisen. Verpflichtungen zur Entfernung oder Sperrung der Nutzung von Informationen nach den allgemeinen Gesetzen bleiben hiervon unber\u00fchrt. Eine diesbez\u00fcgliche Haftung ist jedoch erst ab dem Zeitpunkt der Kenntnis einer konkreten Rechtsverletzung m\u00f6glich. Bei Bekanntwerden von entsprechenden Rechtsverletzungen werden wir diese Inhalte umgehend entfernen.<br><br>Haftung f\u00fcr Links:<br><br>Unser Angebot enth\u00e4lt Links zu externen Webseiten Dritter, auf deren Inhalte wir keinen Einfluss haben. Deshalb k\u00f6nnen wir f\u00fcr diese fremden Inhalte auch keine Gew\u00e4hr \u00fcbernehmen. F\u00fcr die Inhalte der verlinkten Seiten ist stets der jeweilige Anbieter oder Betreiber der Seiten verantwortlich. Die verlinkten Seiten wurden zum Zeitpunkt der Verlinkung auf m\u00f6gliche Rechtsverst\u00f6\u00dfe \u00fcberpr\u00fcft. Rechtswidrige Inhalte waren zum Zeitpunkt der Verlinkung nicht erkennbar. Eine permanente inhaltliche Kontrolle der verlinkten Seiten ist jedoch ohne konkrete Anhaltspunkte einer Rechtsverletzung nicht zumutbar. Bei Bekanntwerden von Rechtsverletzungen werden wir derartige Links umgehend entfernen.<br><br><strong>Urheberrecht<\/strong><\/p>\n\n\n\n<p><br>Die durch die Seitenbetreiber erstellten Inhalte und Werke auf diesen Seiten unterliegen dem deutschen Urheberrecht. Die Vervielf\u00e4ltigung, Bearbeitung, Verbreitung und jede Art der Verwertung au\u00dferhalb der Grenzen des Urheberrechtes bed\u00fcrfen der schriftlichen Zustimmung des jeweiligen Autors bzw. Erstellers. Downloads und Kopien dieser Seite sind nur f\u00fcr den privaten, nicht kommerziellen Gebrauch gestattet. Soweit die Inhalte auf dieser Seite nicht vom Betreiber erstellt wurden, werden die Urheberrechte Dritter beachtet. Insbesondere werden Inhalte Dritter als solche gekennzeichnet. Sollten Sie trotzdem auf eine Urheberrechtsverletzung aufmerksam werden, bitten wir um einen entsprechenden Hinweis. Bei Bekanntwerden von Rechtsverletzungen werden wir derartige Inhalte umgehend entfernen.<br><\/p>\n\n\n\n<p><\/p>\n\n\n\n<h6 class=\"wp-block-heading\"><\/h6>\n\n\n\n<p><\/p>\n\n\n\n<p><\/p>\n","protected":false},"excerpt":{"rendered":"<p>Angaben gem\u00e4\u00df \u00a7 5 TMG:Puchert &amp; Streitberger Elektroservice GmbHWetzelstein 1b07318 Saalfeld Vertreten durch:Herr Matthias PuchertHerr Peter Streitberger Kontakt:Telefon: 03671 54640Fax: 03671 546429Email: info@elektro-saalfeld.de&nbsp;&nbsp; &nbsp; Eintragung im Handelsregister:Registergericht:Amtsgericht JenaRegisternummer: HRB 205054 Umsatzsteuer-Identifikationsnummer gem\u00e4\u00df \u00a727 a Umsatzsteuergesetz:DE 171 075 998 Aufsichtsbeh\u00f6rde:Landratsamt Saalfeld Verantwortlich f\u00fcr den Inhalt nach \u00a7 55 Abs. 2 RStV:Kathrin WunderPuchert &amp; Streitberger Elektroservice GmbHWetzelstein &#8230; <a title=\"Impressum\" class=\"read-more\" href=\"https:\/\/www.elektro-saalfeld.de\/?page_id=42\" aria-label=\"Mehr Informationen \u00fcber Impressum\">Weiterlesen<\/a><\/p>\n","protected":false},"author":1,"featured_media":0,"parent":0,"menu_order":0,"comment_status":"closed","ping_status":"closed","template":"","meta":{"footnotes":""},"class_list":["post-42","page","type-page","status-publish"],"_links":{"self":[{"href":"https:\/\/www.elektro-saalfeld.de\/index.php?rest_route=\/wp\/v2\/pages\/42","targetHints":{"allow":["GET"]}}],"collection":[{"href":"https:\/\/www.elektro-saalfeld.de\/index.php?rest_route=\/wp\/v2\/pages"}],"about":[{"href":"https:\/\/www.elektro-saalfeld.de\/index.php?rest_route=\/wp\/v2\/types\/page"}],"author":[{"embeddable":true,"href":"https:\/\/www.elektro-saalfeld.de\/index.php?rest_route=\/wp\/v2\/users\/1"}],"replies":[{"embeddable":true,"href":"https:\/\/www.elektro-saalfeld.de\/index.php?rest_route=%2Fwp%2Fv2%2Fcomments&post=42"}],"version-history":[{"count":8,"href":"https:\/\/www.elektro-saalfeld.de\/index.php?rest_route=\/wp\/v2\/pages\/42\/revisions"}],"predecessor-version":[{"id":94,"href":"https:\/\/www.elektro-saalfeld.de\/index.php?rest_route=\/wp\/v2\/pages\/42\/revisions\/94"}],"wp:attachment":[{"href":"https:\/\/www.elektro-saalfeld.de\/index.php?rest_route=%2Fwp%2Fv2%2Fmedia&parent=42"}],"curies":[{"name":"wp","href":"https:\/\/api.w.org\/{rel}","templated":true}]}}