{"id":35,"date":"2020-10-24T09:57:23","date_gmt":"2020-10-24T07:57:23","guid":{"rendered":"https:\/\/www.elektro-saalfeld.de\/?page_id=35"},"modified":"2024-02-19T16:32:28","modified_gmt":"2024-02-19T15:32:28","slug":"kontakt","status":"publish","type":"page","link":"https:\/\/www.elektro-saalfeld.de\/?page_id=35","title":{"rendered":"Kontakt"},"content":{"rendered":"\n<figure class=\"wp-block-table\"><table><tbody><tr><td><strong>Peter Streitberger<br><\/strong>Technischer<br>Gesch\u00e4ftsf\u00fchrer<br><br>Telefon: 03671 546411<br>Mobil: 0176 11546411<br>Fax: 03671 546429<br>Mail: <a href=\"mailto:streitberger@elektro-saalfeld.de\">streitberger@elektro-saalfeld.de<\/a><\/td><td><strong>Matthias Puchert<br><\/strong>Kaufm\u00e4nnischer<br>Gesch\u00e4ftsf\u00fchrer<br><br>Telefon: 03671 546414<br>Mobil: 0176 11546414<br>Fax: 03671 546429<br>Mail: <a href=\"mailto:puchert@elektro-saalfeld.de\">puchert@elektro-saalfeld.de<\/a><\/td><\/tr><tr><td><strong>Maik Butterweck<br><\/strong>Sachbearbeiter<br><br>Telefon: 03671 546419<br>Fax: 03671 546429<br><br>Mail: <a href=\"mailto:butterweck@elektro-saalfeld.de\">butterweck@elektro-saalfeld.de<\/a><\/td><td><strong>Kathrin Jahn<br><\/strong>Buchhaltung<br><br>Telefon: 03671 546415<br>Fax: 03671 546429<br><br>Mail: <a href=\"mailto:k-jahn@elektro-saalfeld.de\">k-jahn@elektro-saalfeld.de<\/a><\/td><\/tr><tr><td><strong>Kathrin Wunder<br><\/strong>Organisation<br><br>Telefon: 03671 546410<br>Fax: 03671 546429<br>Mail: <a href=\"mailto:wunder@elektro-saalfeld.de\">wunder@elektro-saalfeld.de<\/a><\/td><td><\/td><\/tr><\/tbody><\/table><\/figure>\n","protected":false},"excerpt":{"rendered":"<p>Peter StreitbergerTechnischerGesch\u00e4ftsf\u00fchrer Telefon: 03671 546411Mobil: 0176 11546411Fax: 03671 546429Mail: streitberger@elektro-saalfeld.de Matthias PuchertKaufm\u00e4nnischerGesch\u00e4ftsf\u00fchrer Telefon: 03671 546414Mobil: 0176 11546414Fax: 03671 546429Mail: puchert@elektro-saalfeld.de Maik ButterweckSachbearbeiter Telefon: 03671 546419Fax: 03671 546429 Mail: butterweck@elektro-saalfeld.de Kathrin JahnBuchhaltung Telefon: 03671 546415Fax: 03671 546429 Mail: k-jahn@elektro-saalfeld.de Kathrin WunderOrganisation Telefon: 03671 546410Fax: 03671 546429Mail: wunder@elektro-saalfeld.de<\/p>\n","protected":false},"author":1,"featured_media":0,"parent":0,"menu_order":0,"comment_status":"closed","ping_status":"closed","template":"","meta":{"footnotes":""},"class_list":["post-35","page","type-page","status-publish"],"_links":{"self":[{"href":"https:\/\/www.elektro-saalfeld.de\/index.php?rest_route=\/wp\/v2\/pages\/35","targetHints":{"allow":["GET"]}}],"collection":[{"href":"https:\/\/www.elektro-saalfeld.de\/index.php?rest_route=\/wp\/v2\/pages"}],"about":[{"href":"https:\/\/www.elektro-saalfeld.de\/index.php?rest_route=\/wp\/v2\/types\/page"}],"author":[{"embeddable":true,"href":"https:\/\/www.elektro-saalfeld.de\/index.php?rest_route=\/wp\/v2\/users\/1"}],"replies":[{"embeddable":true,"href":"https:\/\/www.elektro-saalfeld.de\/index.php?rest_route=%2Fwp%2Fv2%2Fcomments&post=35"}],"version-history":[{"count":8,"href":"https:\/\/www.elektro-saalfeld.de\/index.php?rest_route=\/wp\/v2\/pages\/35\/revisions"}],"predecessor-version":[{"id":87,"href":"https:\/\/www.elektro-saalfeld.de\/index.php?rest_route=\/wp\/v2\/pages\/35\/revisions\/87"}],"wp:attachment":[{"href":"https:\/\/www.elektro-saalfeld.de\/index.php?rest_route=%2Fwp%2Fv2%2Fmedia&parent=35"}],"curies":[{"name":"wp","href":"https:\/\/api.w.org\/{rel}","templated":true}]}}