{"id":31,"date":"2020-10-24T09:47:27","date_gmt":"2020-10-24T07:47:27","guid":{"rendered":"https:\/\/www.elektro-saalfeld.de\/?page_id=31"},"modified":"2020-10-26T10:53:22","modified_gmt":"2020-10-26T09:53:22","slug":"karriere","status":"publish","type":"page","link":"https:\/\/www.elektro-saalfeld.de\/?page_id=31","title":{"rendered":"Karriere"},"content":{"rendered":"\n<p><strong>ZUR VERST\u00c4RKUNG UNSERES TEAMS SUCHEN WIR:<\/strong><\/p>\n\n\n\n<span class=\"collapseomatic \" id=\"id69ded0cce592d\"  tabindex=\"0\" title=\"Obermonteure und Bauleiter\"    >Obermonteure und Bauleiter<\/span><div id=\"target-id69ded0cce592d\" class=\"collapseomatic_content \">\n\n\n\n<p><\/p>\n\n\n\n<p>Zur Verst\u00e4rkung unseres Teams suchen wir Obermonteure und Bauleiter.<\/p>\n\n\n\n<p>Unsere Anforderungen an Sie sind:<\/p>\n\n\n\n<ul class=\"wp-block-list\"><li>abgeschlossene Berufsausbildung zum Elektroinstallateur oder -monteureinschl\u00e4gige Berufspraxis im Elektro-Installationsgewerbe<\/li><li>selbst\u00e4ndiges und kundenfreundliches Arbeiten<\/li><li>Einsatzbereitschaft sowie eigenverantwortliches Arbeiten<\/li><li>EDV-Kenntnisse in MS Office<\/li><li>F\u00fchrerschein Klasse B<\/li><\/ul>\n\n\n\n<p>Ihr Aufgabengebiet umfasst:<\/p>\n\n\n\n<ul class=\"wp-block-list\"><li>Ausf\u00fchrung und Abrechnung von Baustellen sowie durchgehende Baustellenbetreuung und Kostenverantwortung<\/li><li>Personalf\u00fchrung im eigenen Verantwortungsbereich<\/li><li>Verantwortung f\u00fcr die Einhaltung der technischen und Sicherheitsbestimmungen im Elektrohandwerk<\/li><\/ul>\n\n\n\n<p>Wir bieten Ihnen:<\/p>\n\n\n\n<ul class=\"wp-block-list\"><li>umfassende Aus- und Weiterbildungsangebote Entwicklungsm\u00f6glichkeiten<\/li><li>leistungsgerechte Bezahlung<\/li><li>langfristige Perspektiven<\/li><li>gutes Betriebsklima<\/li><\/ul>\n\n\n\n<\/div>\n\n\n\n<p><\/p>\n\n\n\n<span class=\"collapseomatic \" id=\"id69ded0cce5a23\"  tabindex=\"0\" title=\"Elektroniker f\u00fcr Energie und Geb\u00e4udetechnik und Elektroinstallateur\"    >Elektroniker f\u00fcr Energie und Geb\u00e4udetechnik und Elektroinstallateur<\/span><div id=\"target-id69ded0cce5a23\" class=\"collapseomatic_content \">\n\n\n\n<p><\/p>\n\n\n\n<p>Zur Verst\u00e4rkung unseres Teams suchen wir Elektroinstallateure und Monteure.<\/p>\n\n\n\n<p>Unsere Anforderungen an Sie sind:<\/p>\n\n\n\n<ul class=\"wp-block-list\"><li>abgeschlossene Berufsausbildung zum Elektroinstallteur oder -monteur<\/li><li>selbst\u00e4ndiges und kundenfreundliches Arbeiten<\/li><li>Einsatzbereitschaft sowie eigenverantwortliches Arbeiten<\/li><li>F\u00fchrerschein Klasse B<\/li><\/ul>\n\n\n\n<p>Wir bieten Ihnen:<\/p>\n\n\n\n<ul class=\"wp-block-list\"><li>umfassende Aus- und Weiterbildungsangebote<\/li><li>Entwicklungsm\u00f6glichkeiten<\/li><li>leistungsgerechte Bezahlung<\/li><li>langfristige Perspektiven<\/li><li>gutes Betriebsklima<\/li><\/ul>\n\n\n\n<\/div>\n\n\n\n<p><\/p>\n\n\n\n<span class=\"collapseomatic \" id=\"id69ded0cce5a6c\"  tabindex=\"0\" title=\"Auszubildende\"    >Auszubildende<\/span><div id=\"target-id69ded0cce5a6c\" class=\"collapseomatic_content \">\n\n\n\n<p><\/p>\n\n\n\n<p>Seit vielen Jahren bilden wir&nbsp; in unserem Betrieb Lehrlinge in der Fachrichtung &#8222;Elektroniker f\u00fcr Geb\u00e4ude- und Energietechnik&#8220; aus.<\/p>\n\n\n\n<p>Seit vielen Jahren arbeiten wir eng mit der <a href=\"http:\/\/www.sbs-slf.de\" target=\"_blank\" rel=\"noreferrer noopener\">SBS Unterwellenborn<\/a> zusammen, in der unsere Lehrlinge ihre schulische Ausbildung absolvieren.<\/p>\n\n\n\n<p>Wenn Sie Interesse an einer Ausbildung in unserem Haus haben, teamf\u00e4hig, verantwortungsbewu\u00dft und einsatzfreudig sind, z\u00f6gern Sie nicht, sich zu bewerben.<\/p>\n\n\n\n<p>Wir bieten Ihnen:<\/p>\n\n\n\n<ul class=\"wp-block-list\"><li>umfassende Aus- und Weiterbildungsangebote<\/li><li>Entwicklungsm\u00f6glichkeiten<\/li><li>leistungsgerechte Bezahlung<\/li><li>langfristige Perspektiven<\/li><li>gutes Betriebsklima<\/li><\/ul>\n\n\n\n<\/div>\n\n\n\n<p><\/p>\n\n\n\n<p><strong>FACHRICHTUNG:<\/strong><\/p>\n\n\n\n<ul class=\"wp-block-list\"><li>Elektroinstallateur und Elektromonteur<\/li><li>Elektroniker f\u00fcr Energie- und Geb\u00e4udetechnik<\/li><\/ul>\n\n\n\n<p><strong>SIE M\u00d6CHTEN:<\/strong><\/p>\n\n\n\n<ul class=\"wp-block-list\"><li>selbstst\u00e4ndig und kundenfreundlich arbeiten<\/li><li>sich in ein einsatzbereites Team einbringen<\/li><li>leistungsgerecht entlohnt werden<\/li><li>Entwicklungs- und Weiterbildungsm\u00f6glichkeiten nutzen<\/li><li>kurzfristig mit der Arbeit beginnen<\/li><\/ul>\n\n\n\n<p>Dann sollten wir uns kennenlernen!<\/p>\n\n\n\n<p>Sollten Sie eine spannende und abwechslungsreiche Herausforderung suchen, dann senden Sie Ihre <strong>aussagef\u00e4hige Bewerbung bitte an die Adresse: info@elektro-saalfeld.de<\/strong>.<\/p>\n","protected":false},"excerpt":{"rendered":"<p>ZUR VERST\u00c4RKUNG UNSERES TEAMS SUCHEN WIR: FACHRICHTUNG: Elektroinstallateur und Elektromonteur Elektroniker f\u00fcr Energie- und Geb\u00e4udetechnik SIE M\u00d6CHTEN: selbstst\u00e4ndig und kundenfreundlich arbeiten sich in ein einsatzbereites Team einbringen leistungsgerecht entlohnt werden Entwicklungs- und Weiterbildungsm\u00f6glichkeiten nutzen kurzfristig mit der Arbeit beginnen Dann sollten wir uns kennenlernen! Sollten Sie eine spannende und abwechslungsreiche Herausforderung suchen, dann senden Sie &#8230; <a title=\"Karriere\" class=\"read-more\" href=\"https:\/\/www.elektro-saalfeld.de\/?page_id=31\" aria-label=\"Mehr Informationen \u00fcber Karriere\">Weiterlesen<\/a><\/p>\n","protected":false},"author":1,"featured_media":0,"parent":0,"menu_order":0,"comment_status":"closed","ping_status":"closed","template":"","meta":{"footnotes":""},"class_list":["post-31","page","type-page","status-publish"],"_links":{"self":[{"href":"https:\/\/www.elektro-saalfeld.de\/index.php?rest_route=\/wp\/v2\/pages\/31","targetHints":{"allow":["GET"]}}],"collection":[{"href":"https:\/\/www.elektro-saalfeld.de\/index.php?rest_route=\/wp\/v2\/pages"}],"about":[{"href":"https:\/\/www.elektro-saalfeld.de\/index.php?rest_route=\/wp\/v2\/types\/page"}],"author":[{"embeddable":true,"href":"https:\/\/www.elektro-saalfeld.de\/index.php?rest_route=\/wp\/v2\/users\/1"}],"replies":[{"embeddable":true,"href":"https:\/\/www.elektro-saalfeld.de\/index.php?rest_route=%2Fwp%2Fv2%2Fcomments&post=31"}],"version-history":[{"count":12,"href":"https:\/\/www.elektro-saalfeld.de\/index.php?rest_route=\/wp\/v2\/pages\/31\/revisions"}],"predecessor-version":[{"id":77,"href":"https:\/\/www.elektro-saalfeld.de\/index.php?rest_route=\/wp\/v2\/pages\/31\/revisions\/77"}],"wp:attachment":[{"href":"https:\/\/www.elektro-saalfeld.de\/index.php?rest_route=%2Fwp%2Fv2%2Fmedia&parent=31"}],"curies":[{"name":"wp","href":"https:\/\/api.w.org\/{rel}","templated":true}]}}