{"id":26,"date":"2020-10-24T09:41:07","date_gmt":"2020-10-24T07:41:07","guid":{"rendered":"https:\/\/www.elektro-saalfeld.de\/?page_id=26"},"modified":"2020-10-26T09:53:09","modified_gmt":"2020-10-26T08:53:09","slug":"leistungsspektrum","status":"publish","type":"page","link":"https:\/\/www.elektro-saalfeld.de\/?page_id=26","title":{"rendered":"Leistungsspektrum"},"content":{"rendered":"\n<figure class=\"wp-block-image size-large is-style-default\"><img loading=\"lazy\" decoding=\"async\" width=\"550\" height=\"190\" src=\"https:\/\/www.elektro-saalfeld.de\/wp-content\/uploads\/2020\/10\/17_Bessenbach.jpg\" alt=\"\" class=\"wp-image-29\" srcset=\"https:\/\/www.elektro-saalfeld.de\/wp-content\/uploads\/2020\/10\/17_Bessenbach.jpg 550w, https:\/\/www.elektro-saalfeld.de\/wp-content\/uploads\/2020\/10\/17_Bessenbach-300x104.jpg 300w\" sizes=\"auto, (max-width: 550px) 100vw, 550px\" \/><\/figure>\n\n\n\n<p><strong>PROJEKTIERUNG UND ELEKTROINSTALLATIONEN:<\/strong><\/p>\n\n\n\n<ul class=\"wp-block-list\"><li>Elektroanlagen in Wohn- und Gewerbebauten<\/li><li>Daten- &amp; Kommunikationstechnik<\/li><li>Planung und Installation von EIB-Anlagen<\/li><li>Beleuchtung<\/li><li>Elektroheizungs- &amp; L\u00fcftungsanlagen<\/li><li>Photovoltaikanlagen<\/li><li>\u00dcberpr\u00fcfung von elektrischen Anlagen und Ger\u00e4ten<\/li><\/ul>\n","protected":false},"excerpt":{"rendered":"<p>PROJEKTIERUNG UND ELEKTROINSTALLATIONEN: Elektroanlagen in Wohn- und Gewerbebauten Daten- &amp; Kommunikationstechnik Planung und Installation von EIB-Anlagen Beleuchtung Elektroheizungs- &amp; L\u00fcftungsanlagen Photovoltaikanlagen \u00dcberpr\u00fcfung von elektrischen Anlagen und Ger\u00e4ten<\/p>\n","protected":false},"author":1,"featured_media":0,"parent":0,"menu_order":0,"comment_status":"closed","ping_status":"closed","template":"","meta":{"footnotes":""},"class_list":["post-26","page","type-page","status-publish"],"_links":{"self":[{"href":"https:\/\/www.elektro-saalfeld.de\/index.php?rest_route=\/wp\/v2\/pages\/26","targetHints":{"allow":["GET"]}}],"collection":[{"href":"https:\/\/www.elektro-saalfeld.de\/index.php?rest_route=\/wp\/v2\/pages"}],"about":[{"href":"https:\/\/www.elektro-saalfeld.de\/index.php?rest_route=\/wp\/v2\/types\/page"}],"author":[{"embeddable":true,"href":"https:\/\/www.elektro-saalfeld.de\/index.php?rest_route=\/wp\/v2\/users\/1"}],"replies":[{"embeddable":true,"href":"https:\/\/www.elektro-saalfeld.de\/index.php?rest_route=%2Fwp%2Fv2%2Fcomments&post=26"}],"version-history":[{"count":4,"href":"https:\/\/www.elektro-saalfeld.de\/index.php?rest_route=\/wp\/v2\/pages\/26\/revisions"}],"predecessor-version":[{"id":73,"href":"https:\/\/www.elektro-saalfeld.de\/index.php?rest_route=\/wp\/v2\/pages\/26\/revisions\/73"}],"wp:attachment":[{"href":"https:\/\/www.elektro-saalfeld.de\/index.php?rest_route=%2Fwp%2Fv2%2Fmedia&parent=26"}],"curies":[{"name":"wp","href":"https:\/\/api.w.org\/{rel}","templated":true}]}}