{"id":11,"date":"2020-10-24T09:08:40","date_gmt":"2020-10-24T07:08:40","guid":{"rendered":"https:\/\/www.elektro-saalfeld.de\/?page_id=11"},"modified":"2020-10-26T09:44:51","modified_gmt":"2020-10-26T08:44:51","slug":"unternehmen","status":"publish","type":"page","link":"https:\/\/www.elektro-saalfeld.de\/?page_id=11","title":{"rendered":"Unternehmen"},"content":{"rendered":"\n<p><strong>REGIONAL VERWURZELT &#8211; DEUTSCHLANDWEIT ENGAGIERT<\/strong><\/p>\n\n\n\n<p>Wir sind ein mittelst\u00e4ndiges Unternehmen in Saalfeld\/Th\u00fcringen.<\/p>\n\n\n\n<p>Da das Handwerk der Elektroinstallation f\u00fcr uns qualitativ hochwertige Arbeit bedeutet, legen wir gro\u00dfen Wert auf Fachkompetenz, P\u00fcnktlichkeit und Kundenfreundlichkeit unseres Personals. Mit fundiertem Wissen durch st\u00e4ndige Schulungen und Weiterbildungen betreuen unsere Fachkr\u00e4fte komplexe und anspruchsvolle Projekte. Mit jahrzehntelanger Berufserfahrung verstehen wir uns als Partner, Dienstleister sowie Probleml\u00f6ser f\u00fcr unsere Kunden und garantieren eine fachgerechte und zuverl\u00e4ssige Arbeit.<\/p>\n\n\n\n<p><strong>KURZ UND KNAPP<\/strong><strong><\/strong><\/p>\n\n\n\n<figure class=\"wp-block-table\"><table><tbody><tr><td>1994 &nbsp; &nbsp; &nbsp; &nbsp; &nbsp; &nbsp; &nbsp; &nbsp;&nbsp;<\/td><td>Gr\u00fcndung des Unternehmens Elektro &amp; Service GmbH G\u00fcnther durch die Gesch\u00e4ftsf\u00fchrer Claus G\u00fcnther, Matthias Puchert und Peter Streitberger in den Gesch\u00e4ftsr\u00e4umen Blankenburger Str. 13 in 07318 Saalfeld mit 8 Mitarbeitern.<\/td><\/tr><tr><td>1999<\/td><td>Umzug in den aktuellen Firmensitz, den Wetzelstein 1b in Saalfeld an der Saale.<\/td><\/tr><tr><td>2002<\/td><td>Christian G\u00fcnther \u00fcbernimmt im M\u00e4rz die Gesch\u00e4ftsanteile seines Vaters Claus G\u00fcnther<\/td><\/tr><tr><td>2016<\/td><td>Ausscheiden des Mitgesellschafters Christian G\u00fcnther aus dem Unternehmen im September des Jahres<\/td><\/tr><tr><td>2017<\/td><td>Im Februar wurde die Firma Elektro &amp; Service GmbH G\u00fcnther in Puchert &amp; Streitberger Elektroservice GmbH umbenannt.<\/td><\/tr><tr><td>heute<\/td><td>Wir sind ein etabliertes Unternehmen in der Region mit festen Gesch\u00e4ftspartnern.<\/td><\/tr><\/tbody><\/table><\/figure>\n","protected":false},"excerpt":{"rendered":"<p>REGIONAL VERWURZELT &#8211; DEUTSCHLANDWEIT ENGAGIERT Wir sind ein mittelst\u00e4ndiges Unternehmen in Saalfeld\/Th\u00fcringen. Da das Handwerk der Elektroinstallation f\u00fcr uns qualitativ hochwertige Arbeit bedeutet, legen wir gro\u00dfen Wert auf Fachkompetenz, P\u00fcnktlichkeit und Kundenfreundlichkeit unseres Personals. Mit fundiertem Wissen durch st\u00e4ndige Schulungen und Weiterbildungen betreuen unsere Fachkr\u00e4fte komplexe und anspruchsvolle Projekte. Mit jahrzehntelanger Berufserfahrung verstehen wir uns &#8230; <a title=\"Unternehmen\" class=\"read-more\" href=\"https:\/\/www.elektro-saalfeld.de\/?page_id=11\" aria-label=\"Mehr Informationen \u00fcber Unternehmen\">Weiterlesen<\/a><\/p>\n","protected":false},"author":1,"featured_media":0,"parent":0,"menu_order":0,"comment_status":"closed","ping_status":"closed","template":"","meta":{"footnotes":""},"class_list":["post-11","page","type-page","status-publish"],"_links":{"self":[{"href":"https:\/\/www.elektro-saalfeld.de\/index.php?rest_route=\/wp\/v2\/pages\/11","targetHints":{"allow":["GET"]}}],"collection":[{"href":"https:\/\/www.elektro-saalfeld.de\/index.php?rest_route=\/wp\/v2\/pages"}],"about":[{"href":"https:\/\/www.elektro-saalfeld.de\/index.php?rest_route=\/wp\/v2\/types\/page"}],"author":[{"embeddable":true,"href":"https:\/\/www.elektro-saalfeld.de\/index.php?rest_route=\/wp\/v2\/users\/1"}],"replies":[{"embeddable":true,"href":"https:\/\/www.elektro-saalfeld.de\/index.php?rest_route=%2Fwp%2Fv2%2Fcomments&post=11"}],"version-history":[{"count":3,"href":"https:\/\/www.elektro-saalfeld.de\/index.php?rest_route=\/wp\/v2\/pages\/11\/revisions"}],"predecessor-version":[{"id":69,"href":"https:\/\/www.elektro-saalfeld.de\/index.php?rest_route=\/wp\/v2\/pages\/11\/revisions\/69"}],"wp:attachment":[{"href":"https:\/\/www.elektro-saalfeld.de\/index.php?rest_route=%2Fwp%2Fv2%2Fmedia&parent=11"}],"curies":[{"name":"wp","href":"https:\/\/api.w.org\/{rel}","templated":true}]}}